{"id":11,"date":"2020-07-23T16:46:40","date_gmt":"2020-07-23T14:46:40","guid":{"rendered":"https:\/\/sorliemocions.com\/?page_id=11"},"modified":"2021-04-07T08:12:40","modified_gmt":"2021-04-07T06:12:40","slug":"pagina-de-inicio","status":"publish","type":"page","link":"https:\/\/sorliemocions.com\/ca\/","title":{"rendered":"P\u00e0gina d&#8217;inici"},"content":{"rendered":"<div class=\"content_block\" id=\"custom_post_widget-3432\"><div class=\"full-height-banner banner-two-columns\">\n    <a href=\"\/ca\/restaurant\/\" class=\"banner-link banner-left banner-link-blue\"><\/p>\n<div class=\"image-banner\"><img loading=\"lazy\" decoding=\"async\" src=\"\/wp-content\/uploads\/2020\/07\/img-home-restaurant-mobile.jpg\" alt=\"\" width=\"300\" height=\"267\" class=\"alignnone img-mobile\" \/><img decoding=\"async\" class=\"alignnone img-desktop\" src=\"\/wp-content\/uploads\/2020\/07\/img-home-restaurant.jpg\" alt=\"\" \/><\/div>\n<div class=\"content-banner\">\n<h2 class=\"content-banner--title\">Restaurant<\/h2>\n<p class=\"content-banner-text\">Oferta gastron\u00f2mica inspirada en la cuina de mercat<\/p>\n<\/p><\/div>\n<p>    <\/a><br \/>\n    <a href=\"\/ca\/concept-store\/\" class=\"banner-link banner-right banner-link-cream\"><\/p>\n<div class=\"image-banner\"><img decoding=\"async\" src=\"\/wp-content\/uploads\/2021\/12\/img_mobile_concepstore_web.jpg\" alt=\"\" class=\"alignnone img-mobile\" \/><img decoding=\"async\" class=\"alignnone img-desktop\" src=\"\/wp-content\/uploads\/2020\/07\/img-home-concept-store.jpg\" alt=\"\" \/><\/div>\n<div class=\"content-banner\">\n<h2 class=\"content-banner--title\">Concept Store<\/h2>\n<p class=\"content-banner-text\">On trobrar\u00e0s all\u00f2 que marca la diferencia<\/p>\n<\/p><\/div>\n<p>    <\/a><\/p>\n<div class=\"banner-activities\">\n    <a class=\"banner-link\" href=\"\/ca\/activitats\/\"><\/p>\n<div class=\"content-banner\">\n<h2 class=\"content-banner--title\">Activitats<\/h2>\n<p class=\"content-banner-text\">Un espai on compartir experi\u00e8ncies<\/p>\n<\/p><\/div>\n<p>    <\/a>\n    <\/div><\/div>\n<\/div><div class=\"content_block\" id=\"custom_post_widget-3434\"><div class=\"full-height-banner banner\"><a href=\"\/ca\/localitzacio\/\" class=\"banner-link banner-link-blue banner-link-full show-text\"><\/p>\n<div class=\"content-banner content-banner-center\">\n<h2 class=\"content-banner--title\">Localitzaci\u00f3<\/h2>\n<p class=\"content-banner-text\">Vine a fer-nos una visita<\/p>\n<\/p><\/div>\n<div class=\"banner-link banner-left\">\n<div class=\"image-banner\"><img decoding=\"async\" src=\"\/wp-content\/uploads\/2020\/07\/img-home-localitzacio-mobile.jpg\" alt=\"\" class=\"alignnone img-mobile\"><img decoding=\"async\" src=\"\/wp-content\/uploads\/2020\/07\/img-home-localitzacio-esquerra-1.jpg\" alt=\"\" class=\"alignnone img-desktop\"><\/div><\/div>\n<div class=\"banner-link banner-right\" style=\"transform: translate3d(0px, 26.0139px, 0px);\">\n<div class=\"image-banner\"><img decoding=\"async\" src=\"\/wp-content\/uploads\/2020\/07\/img-home-localitzacio-dreta-1.jpg\" alt=\"\" class=\"alignnone img-desktop\"><\/div><\/div>\n<p>    <\/a>\n    <\/div>\n<\/div>\n","protected":false},"excerpt":{"rendered":"Restaurant Oferta gastron\u00f2mica inspirada en la cuina de mercat Concept Store On trobrar\u00e0s all\u00f2 que marca la diferencia Activitats Un espai on compartir experi\u00e8ncies Localitzaci\u00f3 Vine a fer-nos una visita","protected":false},"author":1,"featured_media":0,"parent":0,"menu_order":0,"comment_status":"closed","ping_status":"closed","template":"page-templates\/fullwidthpage.php","meta":{"_acf_changed":false,"footnotes":""},"class_list":["post-11","page","type-page","status-publish","hentry"],"acf":[],"yoast_head":"<!-- This site is optimized with the Yoast SEO plugin v27.4 - https:\/\/yoast.com\/product\/yoast-seo-wordpress\/ -->\n<title>Centre Comercial Sorli Emocions | Vilassar de Dalt<\/title>\n<meta name=\"description\" content=\"Descobreix els racons d&#039;Emocions com el nostre Restaurant o la nostra Botiga. Tamb\u00e9 pots reservar la teva activitat preferida.\" \/>\n<meta name=\"robots\" content=\"index, follow, max-snippet:-1, max-image-preview:large, max-video-preview:-1\" \/>\n<link rel=\"canonical\" href=\"https:\/\/sorliemocions.com\/\" \/>\n<meta property=\"og:locale\" content=\"ca_ES\" \/>\n<meta property=\"og:type\" content=\"article\" \/>\n<meta property=\"og:title\" content=\"Centre Comercial Sorli Emocions | Vilassar de Dalt\" \/>\n<meta property=\"og:description\" content=\"Descobreix els racons d&#039;Emocions com el nostre Restaurant o la nostra Botiga. Tamb\u00e9 pots reservar la teva activitat preferida.\" \/>\n<meta property=\"og:url\" content=\"https:\/\/sorliemocions.com\/\" \/>\n<meta property=\"og:site_name\" content=\"Sorli Emocions\" \/>\n<meta property=\"article:modified_time\" content=\"2021-04-07T06:12:40+00:00\" \/>\n<meta name=\"twitter:card\" content=\"summary_large_image\" \/>\n<script type=\"application\/ld+json\" class=\"yoast-schema-graph\">{\"@context\":\"https:\\\/\\\/schema.org\",\"@graph\":[{\"@type\":\"WebPage\",\"@id\":\"https:\\\/\\\/sorliemocions.com\\\/\",\"url\":\"https:\\\/\\\/sorliemocions.com\\\/\",\"name\":\"Centre Comercial Sorli Emocions | Vilassar de Dalt\",\"isPartOf\":{\"@id\":\"https:\\\/\\\/sorliemocions.com\\\/#website\"},\"datePublished\":\"2020-07-23T14:46:40+00:00\",\"dateModified\":\"2021-04-07T06:12:40+00:00\",\"description\":\"Descobreix els racons d'Emocions com el nostre Restaurant o la nostra Botiga. Tamb\u00e9 pots reservar la teva activitat preferida.\",\"breadcrumb\":{\"@id\":\"https:\\\/\\\/sorliemocions.com\\\/#breadcrumb\"},\"inLanguage\":\"ca\",\"potentialAction\":[{\"@type\":\"ReadAction\",\"target\":[\"https:\\\/\\\/sorliemocions.com\\\/\"]}]},{\"@type\":\"BreadcrumbList\",\"@id\":\"https:\\\/\\\/sorliemocions.com\\\/#breadcrumb\",\"itemListElement\":[{\"@type\":\"ListItem\",\"position\":1,\"name\":\"Home\",\"item\":\"https:\\\/\\\/sorliemocions.com\\\/\"},{\"@type\":\"ListItem\",\"position\":2,\"name\":\"P\u00e0gina d&#8217;inici\"}]},{\"@type\":\"WebSite\",\"@id\":\"https:\\\/\\\/sorliemocions.com\\\/#website\",\"url\":\"https:\\\/\\\/sorliemocions.com\\\/\",\"name\":\"Sorli Emocions\",\"description\":\"Restaurant\",\"potentialAction\":[{\"@type\":\"SearchAction\",\"target\":{\"@type\":\"EntryPoint\",\"urlTemplate\":\"https:\\\/\\\/sorliemocions.com\\\/?s={search_term_string}\"},\"query-input\":{\"@type\":\"PropertyValueSpecification\",\"valueRequired\":true,\"valueName\":\"search_term_string\"}}],\"inLanguage\":\"ca\"}]}<\/script>\n<!-- \/ Yoast SEO plugin. -->","yoast_head_json":{"title":"Centre Comercial Sorli Emocions | Vilassar de Dalt","description":"Descobreix els racons d'Emocions com el nostre Restaurant o la nostra Botiga. Tamb\u00e9 pots reservar la teva activitat preferida.","robots":{"index":"index","follow":"follow","max-snippet":"max-snippet:-1","max-image-preview":"max-image-preview:large","max-video-preview":"max-video-preview:-1"},"canonical":"https:\/\/sorliemocions.com\/","og_locale":"ca_ES","og_type":"article","og_title":"Centre Comercial Sorli Emocions | Vilassar de Dalt","og_description":"Descobreix els racons d'Emocions com el nostre Restaurant o la nostra Botiga. Tamb\u00e9 pots reservar la teva activitat preferida.","og_url":"https:\/\/sorliemocions.com\/","og_site_name":"Sorli Emocions","article_modified_time":"2021-04-07T06:12:40+00:00","twitter_card":"summary_large_image","schema":{"@context":"https:\/\/schema.org","@graph":[{"@type":"WebPage","@id":"https:\/\/sorliemocions.com\/","url":"https:\/\/sorliemocions.com\/","name":"Centre Comercial Sorli Emocions | Vilassar de Dalt","isPartOf":{"@id":"https:\/\/sorliemocions.com\/#website"},"datePublished":"2020-07-23T14:46:40+00:00","dateModified":"2021-04-07T06:12:40+00:00","description":"Descobreix els racons d'Emocions com el nostre Restaurant o la nostra Botiga. Tamb\u00e9 pots reservar la teva activitat preferida.","breadcrumb":{"@id":"https:\/\/sorliemocions.com\/#breadcrumb"},"inLanguage":"ca","potentialAction":[{"@type":"ReadAction","target":["https:\/\/sorliemocions.com\/"]}]},{"@type":"BreadcrumbList","@id":"https:\/\/sorliemocions.com\/#breadcrumb","itemListElement":[{"@type":"ListItem","position":1,"name":"Home","item":"https:\/\/sorliemocions.com\/"},{"@type":"ListItem","position":2,"name":"P\u00e0gina d&#8217;inici"}]},{"@type":"WebSite","@id":"https:\/\/sorliemocions.com\/#website","url":"https:\/\/sorliemocions.com\/","name":"Sorli Emocions","description":"Restaurant","potentialAction":[{"@type":"SearchAction","target":{"@type":"EntryPoint","urlTemplate":"https:\/\/sorliemocions.com\/?s={search_term_string}"},"query-input":{"@type":"PropertyValueSpecification","valueRequired":true,"valueName":"search_term_string"}}],"inLanguage":"ca"}]}},"_links":{"self":[{"href":"https:\/\/sorliemocions.com\/ca\/wp-json\/wp\/v2\/pages\/11","targetHints":{"allow":["GET"]}}],"collection":[{"href":"https:\/\/sorliemocions.com\/ca\/wp-json\/wp\/v2\/pages"}],"about":[{"href":"https:\/\/sorliemocions.com\/ca\/wp-json\/wp\/v2\/types\/page"}],"author":[{"embeddable":true,"href":"https:\/\/sorliemocions.com\/ca\/wp-json\/wp\/v2\/users\/1"}],"replies":[{"embeddable":true,"href":"https:\/\/sorliemocions.com\/ca\/wp-json\/wp\/v2\/comments?post=11"}],"version-history":[{"count":0,"href":"https:\/\/sorliemocions.com\/ca\/wp-json\/wp\/v2\/pages\/11\/revisions"}],"wp:attachment":[{"href":"https:\/\/sorliemocions.com\/ca\/wp-json\/wp\/v2\/media?parent=11"}],"curies":[{"name":"wp","href":"https:\/\/api.w.org\/{rel}","templated":true}]}}